{"id":1556,"date":"2024-11-07T10:36:08","date_gmt":"2024-11-07T10:36:08","guid":{"rendered":"https:\/\/interludewithanna.com\/?page_id=1556"},"modified":"2026-03-29T21:18:09","modified_gmt":"2026-03-29T19:18:09","slug":"etiquette","status":"publish","type":"page","link":"https:\/\/interludewithanna.com\/fr\/etiquette\/","title":{"rendered":"\u00c9tiquette"},"content":{"rendered":"\n<p style=\"font-size:1px\"><mark style=\"background-color:rgba(0, 0, 0, 0)\" class=\"has-inline-color has-theme-palette-9-color\">your dinner date (GFE) &amp; travel companion (FMTY)<\/mark><\/p>\n\n\n<div class=\"wp-block-image is-style-default\">\n<figure class=\"aligncenter size-full is-resized\"><img loading=\"lazy\" decoding=\"async\" width=\"1600\" height=\"1200\" src=\"https:\/\/interludewithanna.com\/wp-content\/uploads\/2024\/11\/HOTEL-LIT-scaled.jpg\" alt=\"your dinner date (GFE) &amp; travel companion (FMTY)\" class=\"wp-image-1582\" style=\"aspect-ratio:16\/9;object-fit:cover;width:982px;height:auto\" srcset=\"https:\/\/interludewithanna.com\/wp-content\/uploads\/2024\/11\/HOTEL-LIT-scaled.jpg 1600w, https:\/\/interludewithanna.com\/wp-content\/uploads\/2024\/11\/HOTEL-LIT-300x225.jpg 300w, https:\/\/interludewithanna.com\/wp-content\/uploads\/2024\/11\/HOTEL-LIT-1024x768.jpg 1024w, https:\/\/interludewithanna.com\/wp-content\/uploads\/2024\/11\/HOTEL-LIT-768x576.jpg 768w, https:\/\/interludewithanna.com\/wp-content\/uploads\/2024\/11\/HOTEL-LIT-1536x1152.jpg 1536w, https:\/\/interludewithanna.com\/wp-content\/uploads\/2024\/11\/HOTEL-LIT-2048x1536.jpg 2048w, https:\/\/interludewithanna.com\/wp-content\/uploads\/2024\/11\/HOTEL-LIT-600x450.jpg 600w\" sizes=\"auto, (max-width: 1600px) 100vw, 1600px\" \/><\/figure>\n<\/div>\n\n<style>.kb-row-layout-id1556_210486-a4 > .kt-row-column-wrap{align-content:center;}:where(.kb-row-layout-id1556_210486-a4 > .kt-row-column-wrap) > .wp-block-kadence-column{justify-content:center;}.kb-row-layout-id1556_210486-a4 > .kt-row-column-wrap{column-gap:var(--global-kb-gap-md, 2rem);row-gap:var(--global-kb-gap-md, 2rem);max-width:var( --global-content-width, 1290px );padding-left:var(--global-content-edge-padding);padding-right:var(--global-content-edge-padding);padding-top:0px;padding-bottom:0px;grid-template-columns:minmax(0, 1fr);}.kb-row-layout-id1556_210486-a4 > .kt-row-layout-overlay{opacity:0.10;}@media all and (max-width: 1024px){.kb-row-layout-id1556_210486-a4 > .kt-row-column-wrap{grid-template-columns:minmax(0, 1fr);}}@media all and (max-width: 767px){.kb-row-layout-id1556_210486-a4 > .kt-row-column-wrap{grid-template-columns:minmax(0, 1fr);}}<\/style><div class=\"kb-row-layout-wrap kb-row-layout-id1556_210486-a4 alignnone wp-block-kadence-rowlayout\"><div class=\"kt-row-column-wrap kt-has-1-columns kt-row-layout-equal kt-tab-layout-inherit kt-mobile-layout-row kt-row-valign-middle kb-theme-content-width\">\n<style>.kadence-column1556_29d9f2-77 > .kt-inside-inner-col,.kadence-column1556_29d9f2-77 > .kt-inside-inner-col:before{border-top-left-radius:0px;border-top-right-radius:0px;border-bottom-right-radius:0px;border-bottom-left-radius:0px;}.kadence-column1556_29d9f2-77 > .kt-inside-inner-col{column-gap:var(--global-kb-gap-sm, 1rem);}.kadence-column1556_29d9f2-77 > .kt-inside-inner-col{flex-direction:column;}.kadence-column1556_29d9f2-77 > .kt-inside-inner-col > .aligncenter{width:100%;}.kadence-column1556_29d9f2-77 > .kt-inside-inner-col:before{opacity:0.3;}.kadence-column1556_29d9f2-77{position:relative;}@media all and (max-width: 1024px){.kadence-column1556_29d9f2-77 > .kt-inside-inner-col{flex-direction:column;justify-content:center;}}@media all and (max-width: 767px){.kadence-column1556_29d9f2-77 > .kt-inside-inner-col{flex-direction:column;justify-content:center;}}<\/style>\n<div class=\"wp-block-kadence-column kadence-column1556_29d9f2-77 inner-column-1\"><div class=\"kt-inside-inner-col\">\n<p style=\"font-size:1px\"><mark style=\"background-color:rgba(0, 0, 0, 0)\" class=\"has-inline-color has-theme-palette-9-color\">your dinner date (GFE) &amp; travel companion (FMTY)<\/mark><\/p>\n\n\n<style>.wp-block-kadence-advancedheading.kt-adv-heading1556_433805-50, .wp-block-kadence-advancedheading.kt-adv-heading1556_433805-50[data-kb-block=\"kb-adv-heading1556_433805-50\"]{text-align:center;font-style:normal;}.wp-block-kadence-advancedheading.kt-adv-heading1556_433805-50 mark.kt-highlight, .wp-block-kadence-advancedheading.kt-adv-heading1556_433805-50[data-kb-block=\"kb-adv-heading1556_433805-50\"] mark.kt-highlight{font-style:normal;color:#f76a0c;-webkit-box-decoration-break:clone;box-decoration-break:clone;padding-top:0px;padding-right:0px;padding-bottom:0px;padding-left:0px;}.wp-block-kadence-advancedheading.kt-adv-heading1556_433805-50 img.kb-inline-image, .wp-block-kadence-advancedheading.kt-adv-heading1556_433805-50[data-kb-block=\"kb-adv-heading1556_433805-50\"] img.kb-inline-image{width:150px;vertical-align:baseline;}<\/style>\n<p class=\"kt-adv-heading1556_433805-50 kadv wp-block-kadence-advancedheading\" data-kb-block=\"kb-adv-heading1556_433805-50\"><strong><mark style=\"background-color:rgba(0, 0, 0, 0)\" class=\"has-inline-color has-theme-palette-1-color\">Rendez-vous<\/mark><\/strong><\/p>\n\n\n\n<p class=\"kadv\">Keep in mind that each date is unique. The moment we live together belongs to the magic of the encounter. It\u2019s between you and me.<\/p>\n\n\n\n<p class=\"kadv\">I prefer long dates lasting more than three hours, which begin with a drink, a meal, or an artistic experience, so that we have time to get to know each other and let the excitement build. But I am open to shorter trysts if our sensibilities seem to align.<br>I also offer social dates, without intimacy, before perhaps, later, going further&#8230;<br>For established lovers, long-term arrangements can be a delightful option.<br><br>Are you traveling to Paris and need a personal guide? Don&#8217;t forget that I am a true Parisian, born and raised here\u2026 I know the city like the back of my hand and love showing it off!<br>But you can of course invite me to come to your city (FMTY or TMTY) or I can accompany you on a trip &#8211; if my professional schedule allows it! I love discovering new landscapes&#8230; <br>Tell me what your wishes are and let&#8217;s make them happen\u2026 The possibilities are endless, everything has to be invented!<\/p>\n\n\n\n<p class=\"has-text-align-center\"><strong><mark style=\"background-color:rgba(0, 0, 0, 0)\" class=\"has-inline-color has-theme-palette-1-color\">Enveloppe<\/mark><\/strong><\/p>\n\n\n\n<p class=\"kadv\">My rates are provided on request and are bespoke, tailored to your ideal date. They can vary depending on the experience you&#8217;re looking for (location, duration, activities) but they reflect my preference for longer dates and are comparable to those of other high-end companions in the area where we meet.<br>If you have a specific budget in mind, please include it in your request. <br>Let&#8217;s embark on our journey together!<\/p>\n\n\n\n<p class=\"has-text-align-center\"><strong><mark style=\"background-color:rgba(0, 0, 0, 0)\" class=\"has-inline-color has-theme-palette-1-color\">When &amp; Where<\/mark><\/strong><\/p>\n\n\n\n<p class=\"kadv\">I only take outcall rendez-vous, in hotels with a minimum of four stars.<br>I can of course arrange an incall for us at an additional cost.<\/p>\n\n\n\n<p class=\"kadv\">I have a flexible yet busy schedule. If you don&#8217;t want to miss me, the sooner you get in touch the better. I am usually unable to take last-minute appointments, but you can always try your luck &#8211; \u00ab<em>Qui ne tente rien n&#8217;a rien<\/em>&#8230; \u00bb ! Please note that additional rush fees will apply.<\/p>\n\n\n<style>.wp-block-kadence-advancedheading.kt-adv-heading1556_37c597-21, .wp-block-kadence-advancedheading.kt-adv-heading1556_37c597-21[data-kb-block=\"kb-adv-heading1556_37c597-21\"]{text-align:center;font-style:normal;}.wp-block-kadence-advancedheading.kt-adv-heading1556_37c597-21 mark.kt-highlight, .wp-block-kadence-advancedheading.kt-adv-heading1556_37c597-21[data-kb-block=\"kb-adv-heading1556_37c597-21\"] mark.kt-highlight{font-style:normal;color:#f76a0c;-webkit-box-decoration-break:clone;box-decoration-break:clone;padding-top:0px;padding-right:0px;padding-bottom:0px;padding-left:0px;}.wp-block-kadence-advancedheading.kt-adv-heading1556_37c597-21 img.kb-inline-image, .wp-block-kadence-advancedheading.kt-adv-heading1556_37c597-21[data-kb-block=\"kb-adv-heading1556_37c597-21\"] img.kb-inline-image{width:150px;vertical-align:baseline;}.wp-block-kadence-advancedheading.kt-adv-heading1556_37c597-21[data-kb-block=\"kb-adv-heading1556_37c597-21\"] a, .kt-adv-heading-link1556_37c597-21, .kt-adv-heading-link1556_37c597-21 .kt-adv-heading1556_37c597-21[data-kb-block=\"kb-adv-heading1556_37c597-21\"]{color:var(--global-palette2, #2B6CB0);}.wp-block-kadence-advancedheading.kt-adv-heading1556_37c597-21[data-kb-block=\"kb-adv-heading1556_37c597-21\"] a, a.kb-advanced-heading-link.kt-adv-heading-link1556_37c597-21{text-decoration:none;}<\/style>\n<p class=\"kt-adv-heading1556_37c597-21 kadv wp-block-kadence-advancedheading has-theme-palette-2-color has-text-color hls-none\" data-kb-block=\"kb-adv-heading1556_37c597-21\"><strong><mark style=\"background-color:rgba(0, 0, 0, 0)\" class=\"has-inline-color has-theme-palette-1-color\">Deposit &amp; Screening<\/mark><\/strong><\/p>\n\n\n\n<p class=\"kadv has-theme-palette-2-color has-text-color has-link-color wp-elements-c75089676286f5a8f3c22a91d19dccc4\" id=\"kadv\"><strong><mark style=\"background-color:rgba(0, 0, 0, 0)\" class=\"has-inline-color has-theme-palette-6-color\">Deposit<\/mark><\/strong><br>For a first meeting, a small deposit is required as a token of seriousness. In case of mishap and cancellation, the deposit is not refundable but can be transferred to another date. If by extraordinary, I would have to cancel (which has never happened so far), I would refund you right away.<br><br><strong><mark style=\"background-color:rgba(0, 0, 0, 0)\" class=\"has-inline-color has-theme-palette-6-color\">Screening<\/mark><\/strong><br>For verification information, I require two recent references of companions you\u2019ve met in the past year (what I prefer by far as long as you&#8217;re thoughtful enough to ask for their consent before sending me their contact details) or screening (photo of your ID\/Passport or employment information like a message from your work email or a verified LinkedIn profile).<\/p>\n\n\n<style>.wp-block-kadence-advancedheading.kt-adv-heading1556_327af9-93, .wp-block-kadence-advancedheading.kt-adv-heading1556_327af9-93[data-kb-block=\"kb-adv-heading1556_327af9-93\"]{text-align:center;font-style:normal;}.wp-block-kadence-advancedheading.kt-adv-heading1556_327af9-93 mark.kt-highlight, .wp-block-kadence-advancedheading.kt-adv-heading1556_327af9-93[data-kb-block=\"kb-adv-heading1556_327af9-93\"] mark.kt-highlight{font-style:normal;color:#f76a0c;-webkit-box-decoration-break:clone;box-decoration-break:clone;padding-top:0px;padding-right:0px;padding-bottom:0px;padding-left:0px;}.wp-block-kadence-advancedheading.kt-adv-heading1556_327af9-93 img.kb-inline-image, .wp-block-kadence-advancedheading.kt-adv-heading1556_327af9-93[data-kb-block=\"kb-adv-heading1556_327af9-93\"] img.kb-inline-image{width:150px;vertical-align:baseline;}<\/style>\n<p class=\"kt-adv-heading1556_327af9-93 kadv wp-block-kadence-advancedheading\" data-kb-block=\"kb-adv-heading1556_327af9-93\"><strong><mark style=\"background-color:rgba(0, 0, 0, 0)\" class=\"has-inline-color has-theme-palette-1-color\">Privacy<\/mark><\/strong><\/p>\n\n\n\n<p class=\"has-text-align-left kadv has-theme-palette-2-color has-text-color has-link-color wp-elements-33e29d03d19600bbe6e6aa3613088876\" id=\"kadv\">Be assured that confidentiality is as crucial for me as it is for you.<br>The details provided by email will be deleted upon verification. No information concerning you will ever be given away. In return, I expect you to exercise the same discretion concerning me. <br>I believe deeply that intimacy should remain intimate, within the walls of the bedroom &#8211; or the corridor, or the kitchen, or the back of the cab ;)! That&#8217;s why I have a strict no review policy.<br>If you are a high profile client, I can of course sign an NDA.<br>As the French saying goes : \u00ab <em>Pour vivre heureux, vivons cach\u00e9s<\/em> ! \u00bb<br><br><mark style=\"background-color:rgba(0, 0, 0, 0)\" class=\"has-inline-color has-theme-palette-2-color\">&#8220;But wait, Anna, how can I be sure you&#8217;re real ?&#8221;<\/mark> <br>I understand your concern! Rest assured that if I weren&#8217;t, my ad (especially the one verified on <a href=\"https:\/\/tryst.link\/escort\/anna-blume\" target=\"_blank\" rel=\"noopener\"><strong>Tryst<\/strong><\/a>) would have been suspended long ago. You can also find me on <strong><a href=\"https:\/\/www.instagram.com\/interludewithanna\/\" target=\"_blank\" rel=\"noreferrer noopener\">Instagram<\/a><\/strong>, <strong><mark style=\"background-color:rgba(0, 0, 0, 0)\" class=\"has-inline-color has-theme-palette-1-color\"><a href=\"https:\/\/x.com\/annablumeparis\">X<\/a><\/mark><\/strong> and <a href=\"https:\/\/bsky.app\/profile\/interludewithanna.bsky.social\" target=\"_blank\" rel=\"noopener\"><strong>Bluesky<\/strong><\/a>, which I try to keep up to date, even though social networks aren&#8217;t really my thing.<\/p>\n\n\n\n<p><\/p>\n\n\n\n<p class=\"has-text-align-center\" style=\"font-size:1px\"><mark style=\"background-color:rgba(0, 0, 0, 0)\" class=\"has-inline-color has-theme-palette-9-color\">TY)<\/mark><\/p>\n\n\n\n<figure class=\"wp-block-image size-large\"><img loading=\"lazy\" decoding=\"async\" width=\"1024\" height=\"683\" src=\"https:\/\/interludewithanna.com\/wp-content\/uploads\/2024\/11\/ROUGE-INTERNET-1-1024x683.jpg\" alt=\"\" class=\"wp-image-1562\" srcset=\"https:\/\/interludewithanna.com\/wp-content\/uploads\/2024\/11\/ROUGE-INTERNET-1-1024x683.jpg 1024w, https:\/\/interludewithanna.com\/wp-content\/uploads\/2024\/11\/ROUGE-INTERNET-1-300x200.jpg 300w, https:\/\/interludewithanna.com\/wp-content\/uploads\/2024\/11\/ROUGE-INTERNET-1-768x512.jpg 768w, https:\/\/interludewithanna.com\/wp-content\/uploads\/2024\/11\/ROUGE-INTERNET-1-1536x1024.jpg 1536w, https:\/\/interludewithanna.com\/wp-content\/uploads\/2024\/11\/ROUGE-INTERNET-1-2048x1365.jpg 2048w, https:\/\/interludewithanna.com\/wp-content\/uploads\/2024\/11\/ROUGE-INTERNET-1-600x400.jpg 600w, https:\/\/interludewithanna.com\/wp-content\/uploads\/2024\/11\/ROUGE-INTERNET-1-scaled.jpg 1600w\" sizes=\"auto, (max-width: 1024px) 100vw, 1024px\" \/><\/figure>\n\n\n\n<h2 class=\"wp-block-heading\"><\/h2>\n\n\n\n<p class=\"has-text-align-center\"><strong><mark style=\"background-color:rgba(0, 0, 0, 0)\" class=\"has-inline-color has-theme-palette-1-color\">S\u00e9r\u00e9nade \u00e0 trois<\/mark><\/strong><\/p>\n\n\n\n<p class=\"kadv\">If you are a couple, don&#8217;t hesitate to write to me, I am bisexual and I love threesomes!<br><br>If you want me to meet another gorgeous companion, the pleasure will be mine&#8230; I might be delighted by the presence of one (or several!)&nbsp; beautiful women as much as you do!<br>To be perfectly honest, I have to admit it&#8217;s one of my favorite configurations&#8230;\u200b<\/p>\n\n\n\n<p class=\"has-text-align-center\"><strong><mark style=\"background-color:rgba(0, 0, 0, 0)\" class=\"has-inline-color has-theme-palette-1-color\">Kink<\/mark><\/strong><\/p>\n\n\n\n<p class=\"kadv\">Since I&#8217;m a longlife adventurer and a mischievous player, I like to explore spicy territories. As an artist, I am particularly comfortable with role plays &#8211; and all kinds of games&#8230; I love discovering your kinky fantasies and accompanying you in realizing them. And, needless to say, I\u2019ve got dancer\u2019s feet, which will make you ecstatic if you\u2019ve got a foot fetish!<br><br>For less softer moments, I&#8217;m a close friend of one of the greatest French Mistresses in Paris, who owns a splendid Dungeon in the center of the capital. If you are interested in entering the BDSM world, we can talk about it together and I can accompany you in these deeply spiced adventures&#8230;<\/p>\n\n\n\n<p style=\"font-size:1px\"><mark style=\"background-color:rgba(0, 0, 0, 0)\" class=\"has-inline-color has-theme-palette-9-color\">)<\/mark><\/p>\n\n\n\n<figure class=\"wp-block-image size-large\"><img loading=\"lazy\" decoding=\"async\" width=\"1024\" height=\"768\" src=\"https:\/\/interludewithanna.com\/wp-content\/uploads\/2025\/03\/Sans-titre10a-1024x768.jpg\" alt=\"\" class=\"wp-image-2244\" srcset=\"https:\/\/interludewithanna.com\/wp-content\/uploads\/2025\/03\/Sans-titre10a-1024x768.jpg 1024w, https:\/\/interludewithanna.com\/wp-content\/uploads\/2025\/03\/Sans-titre10a-300x225.jpg 300w, https:\/\/interludewithanna.com\/wp-content\/uploads\/2025\/03\/Sans-titre10a-768x576.jpg 768w, https:\/\/interludewithanna.com\/wp-content\/uploads\/2025\/03\/Sans-titre10a-1536x1152.jpg 1536w, https:\/\/interludewithanna.com\/wp-content\/uploads\/2025\/03\/Sans-titre10a-16x12.jpg 16w, https:\/\/interludewithanna.com\/wp-content\/uploads\/2025\/03\/Sans-titre10a.jpg 1600w\" sizes=\"auto, (max-width: 1024px) 100vw, 1024px\" \/><\/figure>\n\n\n\n<p class=\"has-text-align-center\"><strong><mark style=\"background-color:rgba(0, 0, 0, 0)\" class=\"has-inline-color has-theme-palette-1-color\">Garde-robe<\/mark><\/strong><\/p>\n\n\n\n<p class=\"has-text-align-center kadv\">I&#8217;m a coquette and always wear by default gorgeous lingerie underneath elegant clothes, on top of high heels&#8230; But I can also come in my simplest and most comfy outfits. What else?<br><br>Please do not hesitate if you would like me to wear something special. If so, I can give you my sizes and I&#8217;ll be happy to dress according to your wishes and become The Woman Of Your Dreams.<br><strong><mark style=\"background-color:rgba(0, 0, 0, 0)\" class=\"has-inline-color has-theme-palette-1-color\"><mark style=\"background-color:rgba(0, 0, 0, 0)\" class=\"has-inline-color has-theme-palette-1-color\"><\/mark><\/mark><\/strong><\/p>\n\n\n\n<p class=\"has-text-align-center\"><strong><mark style=\"background-color:rgba(0, 0, 0, 0)\" class=\"has-inline-color has-theme-palette-1-color\">Gifts<mark style=\"background-color:rgba(0, 0, 0, 0)\" class=\"has-inline-color has-theme-palette-1-color\"><\/mark><\/mark><\/strong><\/p>\n\n\n\n<p class=\"has-text-align-center kadv has-theme-palette-2-color has-text-color has-link-color wp-elements-a42b42d071ff42774eed15e15756038c\">Of course, I love to be spoiled! If you so desire&#8230;<br>Lingerie, books, champagne, flowers&#8230; I like everything tasteful. Gift cards are a such-fire way to please&#8230; You can&#8217;t go wrong with <a href=\"https:\/\/www.glamuse.com\/eu\/en\/lingerie-gift-card.html\" target=\"_blank\" rel=\"noreferrer noopener\"><strong>Glamuse<\/strong><\/a> or <a href=\"https:\/\/www.aloyoga.com\/fr-fr\/products\/gift-card?srsltid=AfmBOopJP-9FOr-s-g2cmFsSmOGzXUIA9u4DO1_ld8mwUhY0qo-dxdQ7\" data-type=\"link\" data-id=\"https:\/\/www.aloyoga.com\/fr-fr\/products\/gift-card?srsltid=AfmBOopJP-9FOr-s-g2cmFsSmOGzXUIA9u4DO1_ld8mwUhY0qo-dxdQ7\" target=\"_blank\" rel=\"noreferrer noopener\"><strong>Alo Yoga<\/strong><\/a>. (I&#8217;m a dancer, remember! Seems that I spend half my time in garter belts and the other half in sports leggings&#8230;)<br>Here is also a <a href=\"https:\/\/www.luxylist.it\/annablume\" data-type=\"link\" data-id=\"https:\/\/www.luxylist.it\/annablume\" target=\"_blank\" rel=\"noopener\"><strong><mark style=\"background-color:rgba(0, 0, 0, 0)\" class=\"has-inline-color has-theme-palette-1-color\">wishlist<\/mark><\/strong><\/a> if you want to pick some ideas&#8230;<\/p>\n\n\n\n<p class=\"has-text-align-center kadv\">Or surprise me?<\/p>\n\n\n\n<p style=\"font-size:1px\"><\/p>\n\n\n<div class=\"wp-block-image\">\n<figure class=\"aligncenter size-large is-resized\"><img loading=\"lazy\" decoding=\"async\" width=\"1024\" height=\"683\" src=\"https:\/\/interludewithanna.com\/wp-content\/uploads\/2024\/11\/BORDEL-DETAIL-INTERNET-1024x683.jpg\" alt=\"\" class=\"wp-image-1589\" style=\"width:746px;height:auto\" srcset=\"https:\/\/interludewithanna.com\/wp-content\/uploads\/2024\/11\/BORDEL-DETAIL-INTERNET-1024x683.jpg 1024w, https:\/\/interludewithanna.com\/wp-content\/uploads\/2024\/11\/BORDEL-DETAIL-INTERNET-300x200.jpg 300w, https:\/\/interludewithanna.com\/wp-content\/uploads\/2024\/11\/BORDEL-DETAIL-INTERNET-768x512.jpg 768w, https:\/\/interludewithanna.com\/wp-content\/uploads\/2024\/11\/BORDEL-DETAIL-INTERNET-1536x1024.jpg 1536w, https:\/\/interludewithanna.com\/wp-content\/uploads\/2024\/11\/BORDEL-DETAIL-INTERNET-2048x1365.jpg 2048w, https:\/\/interludewithanna.com\/wp-content\/uploads\/2024\/11\/BORDEL-DETAIL-INTERNET-600x400.jpg 600w, https:\/\/interludewithanna.com\/wp-content\/uploads\/2024\/11\/BORDEL-DETAIL-INTERNET-scaled.jpg 1600w\" sizes=\"auto, (max-width: 1024px) 100vw, 1024px\" \/><\/figure>\n<\/div>\n\n\n<p>\u200b<br><\/p>\n\n\n\n<p>\u200b\u200b\u200b\u200b\u200b\u200b\u200b\u200b<\/p>\n<\/div><\/div>\n\n<\/div><\/div>\n\n\n<h6 class=\"wp-block-heading\"><mark><mark style=\"background-color:#ffffff\" class=\"has-inline-color has-theme-palette-9-color\"> &amp; <\/mark><\/mark><\/h6>\n","protected":false},"excerpt":{"rendered":"<p>your dinner date (GFE) &amp; travel companion (FMTY) your dinner date (GFE) &amp; travel companion (FMTY) Rendez-vous Keep in mind that each date is unique. The moment we live together belongs to the magic of the encounter. It\u2019s between you and me. I prefer long dates lasting more than three hours, which begin with a&#8230;<\/p>","protected":false},"author":1,"featured_media":0,"parent":0,"menu_order":4,"comment_status":"closed","ping_status":"closed","template":"","meta":{"_kadence_starter_templates_imported_post":true,"_kad_post_transparent":"","_kad_post_title":"hide","_kad_post_layout":"narrow","_kad_post_sidebar_id":"","_kad_post_content_style":"unboxed","_kad_post_vertical_padding":"hide","_kad_post_feature":"hide","_kad_post_feature_position":"","_kad_post_header":false,"_kad_post_footer":false,"footnotes":""},"class_list":["post-1556","page","type-page","status-publish","hentry"],"_links":{"self":[{"href":"https:\/\/interludewithanna.com\/fr\/wp-json\/wp\/v2\/pages\/1556","targetHints":{"allow":["GET"]}}],"collection":[{"href":"https:\/\/interludewithanna.com\/fr\/wp-json\/wp\/v2\/pages"}],"about":[{"href":"https:\/\/interludewithanna.com\/fr\/wp-json\/wp\/v2\/types\/page"}],"author":[{"embeddable":true,"href":"https:\/\/interludewithanna.com\/fr\/wp-json\/wp\/v2\/users\/1"}],"replies":[{"embeddable":true,"href":"https:\/\/interludewithanna.com\/fr\/wp-json\/wp\/v2\/comments?post=1556"}],"version-history":[{"count":163,"href":"https:\/\/interludewithanna.com\/fr\/wp-json\/wp\/v2\/pages\/1556\/revisions"}],"predecessor-version":[{"id":2909,"href":"https:\/\/interludewithanna.com\/fr\/wp-json\/wp\/v2\/pages\/1556\/revisions\/2909"}],"wp:attachment":[{"href":"https:\/\/interludewithanna.com\/fr\/wp-json\/wp\/v2\/media?parent=1556"}],"curies":[{"name":"wp","href":"https:\/\/api.w.org\/{rel}","templated":true}]}}