{"id":1619,"date":"2024-11-07T10:37:39","date_gmt":"2024-11-07T10:37:39","guid":{"rendered":"https:\/\/interludewithanna.com\/?page_id=1619"},"modified":"2026-03-23T22:21:28","modified_gmt":"2026-03-23T21:21:28","slug":"meet-me","status":"publish","type":"page","link":"https:\/\/interludewithanna.com\/fr\/meet-me\/","title":{"rendered":"Rencontrez-moi"},"content":{"rendered":"<p style=\"font-size:1px\"><mark style=\"background-color:rgba(0, 0, 0, 0)\" class=\"has-inline-color has-theme-palette-9-color\">Independent High End Escort in Paris &amp; worldwide<\/mark><\/p>\n\n\n<div class=\"wp-block-image is-style-default\">\n<figure class=\"aligncenter size-large is-resized\"><img loading=\"lazy\" decoding=\"async\" width=\"848\" height=\"1024\" src=\"https:\/\/interludewithanna.com\/wp-content\/uploads\/2024\/11\/pola603-1-848x1024.jpg\" alt=\"Independent High End Escort in Paris &amp; worldwide\" class=\"wp-image-1620\" style=\"width:540px;height:auto\" srcset=\"https:\/\/interludewithanna.com\/wp-content\/uploads\/2024\/11\/pola603-1-848x1024.jpg 848w, https:\/\/interludewithanna.com\/wp-content\/uploads\/2024\/11\/pola603-1-248x300.jpg 248w, https:\/\/interludewithanna.com\/wp-content\/uploads\/2024\/11\/pola603-1-768x928.jpg 768w, https:\/\/interludewithanna.com\/wp-content\/uploads\/2024\/11\/pola603-1-1272x1536.jpg 1272w, https:\/\/interludewithanna.com\/wp-content\/uploads\/2024\/11\/pola603-1-1696x2048.jpg 1696w, https:\/\/interludewithanna.com\/wp-content\/uploads\/2024\/11\/pola603-1-600x725.jpg 600w, https:\/\/interludewithanna.com\/wp-content\/uploads\/2024\/11\/pola603-1.jpg 1325w\" sizes=\"auto, (max-width: 848px) 100vw, 848px\" \/><\/figure>\n<\/div>\n\n<style>.kb-row-layout-id1619_47f9c0-1e > .kt-row-column-wrap{align-content:center;}:where(.kb-row-layout-id1619_47f9c0-1e > .kt-row-column-wrap) > .wp-block-kadence-column{justify-content:center;}.kb-row-layout-id1619_47f9c0-1e > .kt-row-column-wrap{column-gap:var(--global-kb-gap-md, 2rem);row-gap:var(--global-kb-gap-md, 2rem);max-width:var( --global-content-width, 1290px );padding-left:var(--global-content-edge-padding);padding-right:var(--global-content-edge-padding);padding-top:4px;padding-bottom:80px;grid-template-columns:minmax(0, 1fr);}.kb-row-layout-id1619_47f9c0-1e > .kt-row-layout-overlay{opacity:0.10;}@media all and (max-width: 1024px){.kb-row-layout-id1619_47f9c0-1e > .kt-row-column-wrap{grid-template-columns:minmax(0, 1fr);}}@media all and (max-width: 767px){.kb-row-layout-id1619_47f9c0-1e > .kt-row-column-wrap{grid-template-columns:minmax(0, 1fr);}}<\/style><div class=\"kb-row-layout-wrap kb-row-layout-id1619_47f9c0-1e alignnone wp-block-kadence-rowlayout\"><div class=\"kt-row-column-wrap kt-has-1-columns kt-row-layout-equal kt-tab-layout-inherit kt-mobile-layout-row kt-row-valign-middle kb-theme-content-width\">\n<style>.kadence-column1619_bceeb3-2e > .kt-inside-inner-col,.kadence-column1619_bceeb3-2e > .kt-inside-inner-col:before{border-top-left-radius:0px;border-top-right-radius:0px;border-bottom-right-radius:0px;border-bottom-left-radius:0px;}.kadence-column1619_bceeb3-2e > .kt-inside-inner-col{column-gap:var(--global-kb-gap-sm, 1rem);}.kadence-column1619_bceeb3-2e > .kt-inside-inner-col{flex-direction:column;}.kadence-column1619_bceeb3-2e > .kt-inside-inner-col > .aligncenter{width:100%;}.kadence-column1619_bceeb3-2e > .kt-inside-inner-col:before{opacity:0.3;}.kadence-column1619_bceeb3-2e{position:relative;}@media all and (max-width: 1024px){.kadence-column1619_bceeb3-2e > .kt-inside-inner-col{flex-direction:column;justify-content:center;}}@media all and (max-width: 767px){.kadence-column1619_bceeb3-2e > .kt-inside-inner-col{flex-direction:column;justify-content:center;}}<\/style>\n<div class=\"wp-block-kadence-column kadence-column1619_bceeb3-2e inner-column-1\"><div class=\"kt-inside-inner-col\">\n<h3 class=\"wp-block-heading\" style=\"text-transform:none\"><\/h3>\n\n\n\n<p class=\"kadv\">Je vous remercie pour votre attention et votre int\u00e9r\u00eat.<br><br>Si vous avez lu attentivement ce qui pr\u00e9c\u00e8de et que vous souhaitez me rencontrer, n'h\u00e9sitez pas \u00e0 me contacter via le formulaire ci-dessous ou \u00e0 m'\u00e9crire \u00e0 l'adresse suivante, en n'omettant pas de me fournir les informations requises :<\/p>\n\n\n\n<p class=\"has-text-align-center\"><em><a href=\"mailto:annablumeparis@proton.me\"><strong><mark style=\"background-color:rgba(0, 0, 0, 0)\" class=\"has-inline-color has-theme-palette-1-color\">annablumeparis@proton.me<\/mark><\/strong><\/a><\/em><br><\/p>\n\n\n\n<p class=\"has-text-align-center kadv\">Prenez le temps de vous pr\u00e9senter et de me faire part de vos attentes et de vos d\u00e9sirs...<br>Plus vous m'en direz, plus je pourrai sentir qui vous \u00eates. Je n'attends pas de vous que vous m'\u00e9criviez un roman de mille pages, mais rappelez-vous que je ne rencontre que des gentlemen avec lesquels j'ai l'intuition que je peux nouer un lien authentique et sinc\u00e8re.<\/p>\n\n\n\n<p class=\"has-text-align-center kadv\">J'appr\u00e9cierais grandement que vous ayez l'\u00e9l\u00e9gance de me fournir tout ce qui peut me mettre \u00e0 l'aise et me faire sentir en s\u00e9curit\u00e9 lors du premier contact, afin que je n'aie pas \u00e0 vous le demander. (\u00ab Voulez-vous parler de la v\u00e9rification d'identit\u00e9 ou des r\u00e9f\u00e9rences, Anna ? \u00bb Oui, absolument mon cher ! Puisque vous l'\u00e9voquez le premier !)<\/p>\n\n\n\n<p class=\"has-text-align-center kadv\">Je vous r\u00e9pondrai aussi rapidement que possible.<br>Ne soyez toutefois pas trop impatient ! Cela peut me prendre un peu de temps.<br>Si vous n'avez pas re\u00e7u de r\u00e9ponse de ma part dans les 48 heures, votre missive s'est peut-\u00eatre perdue en chemin - cela arrive plus souvent qu'on ne le croit ! N'h\u00e9sitez pas \u00e0 me recontacter.<\/p>\n\n\n\n<p><\/p>\n\n\n\n<p class=\"has-text-align-center\">Au plaisir de vous rencontrer, <em>mon Cher<\/em>&#8230;<\/p>\n\n\n<style>.kadence-column1619_bef0f7-84 > .kt-inside-inner-col{display:flex;}.kadence-column1619_bef0f7-84 > .kt-inside-inner-col{padding-top:40px;padding-right:40px;padding-bottom:40px;padding-left:40px;}.kadence-column1619_bef0f7-84 > .kt-inside-inner-col,.kadence-column1619_bef0f7-84 > .kt-inside-inner-col:before{border-top-left-radius:10px;border-top-right-radius:10px;border-bottom-right-radius:10px;border-bottom-left-radius:10px;}.kadence-column1619_bef0f7-84 > .kt-inside-inner-col{row-gap:var(--global-kb-gap-none, 0rem );column-gap:var(--global-kb-gap-sm, 1rem);}.kadence-column1619_bef0f7-84 > .kt-inside-inner-col{flex-direction:column;align-items:center;}.kadence-column1619_bef0f7-84 > .kt-inside-inner-col > .kb-image-is-ratio-size{align-self:stretch;}.kadence-column1619_bef0f7-84 > .kt-inside-inner-col > .wp-block-kadence-advancedgallery{align-self:stretch;}.kadence-column1619_bef0f7-84 > .kt-inside-inner-col > .aligncenter{width:100%;}.kadence-column1619_bef0f7-84 > .kt-inside-inner-col{background-color:rgba(2, 2, 2, 0.03);}.kadence-column1619_bef0f7-84 > .kt-inside-inner-col:before{opacity:0.3;}.kadence-column1619_bef0f7-84{text-align:center;}.kadence-column1619_bef0f7-84{position:relative;}@media all and (max-width: 1024px){.kadence-column1619_bef0f7-84 > .kt-inside-inner-col{flex-direction:column;justify-content:center;align-items:center;}}@media all and (max-width: 767px){.kadence-column1619_bef0f7-84{max-width:800px;margin-left:auto;margin-right:auto;}.wp-block-kadence-column.kb-section-sm-dir-vertical:not(.kb-section-sm-dir-horizontal):not(.kb-section-sm-dir-specificity)>.kt-inside-inner-col>.kadence-column1619_bef0f7-84{-webkit-flex:0 1 800px;flex:0 1 800px;}.wp-block-kadence-column>.kt-inside-inner-col>.kadence-column1619_bef0f7-84{-webkit-flex:1 800px;flex:1 800px;}.wp-block-kadence-column.kb-section-sm-dir-horizontal>.kt-inside-inner-col>.kadence-column1619_bef0f7-84, .wp-block-kadence-column.kb-section-dir-horizontal:not(.kb-section-sm-dir-vertical):not(.kb-section-md-dir-vertical) >.kt-inside-inner-col>.kadence-column1619_bef0f7-84{-webkit-flex:0 1 800px;flex:0 1 800px;max-width:unset;margin-left:unset;margin-right:unset;}.kadence-column1619_bef0f7-84 > .kt-inside-inner-col{flex-direction:column;justify-content:center;align-items:center;}}<\/style>\n<div class=\"wp-block-kadence-column kadence-column1619_bef0f7-84 kb-section-dir-vertical inner-column-1\"><div class=\"kt-inside-inner-col\"><style>.kadence-form-1619_f59247-47 .kb-form .kadence-blocks-form-field label .required{color:#6e1f46;}.kadence-form-1619_f59247-47 .kb-form .kadence-blocks-form-field .kb-text-style-field, .kadence-form-1619_f59247-47 .kb-form .kadence-blocks-form-field .kb-select-style-field{border-radius:0px;font-size:14px;border-width:0px 0px 2px 0px;background:var(--global-palette9, #ffffff);border-color:var(--global-palette2, #2B6CB0);}.kadence-form-1619_f59247-47 .kb-form .kadence-blocks-form-field .kb-text-style-field:focus, .kadence-form-1619_f59247-47 .kb-form .kadence-blocks-form-field .kb-select-style-field:focus{color:var(--global-palette2, #2B6CB0);}.kadence-form-1619_f59247-47 .kb-form .kadence-blocks-form-field > label{color:var(--global-palette2, #2B6CB0);}.kadence-form-1619_f59247-47 .kb-form .kadence-blocks-form-field .kb-forms-submit{border-radius:50px;background:var(--global-palette3, #1A202C);}.kadence-form-1619_f59247-47 .kadence-blocks-form-success{color:var(--global-palette6, #718096);}.kb-form input.kadence-blocks-field.verify{opacity:0.0;position:absolute;top:0.0;left:0.0;width:0.0;height:0.0;z-index:-1;}<\/style>\n<div class=\"wp-block-kadence-form kadence-form-1619_f59247-47 kb-form-wrap\"><form class=\"kb-form\" action=\"\" method=\"post\" data-trp-original-action=\"\"><div class=\"kadence-blocks-form-field kb-field-desk-width-100 kb-input-size-small\"><label for=\"kb_field_1619_f59247-47_0\">Votre nom<span class=\"required\">*<\/span><\/label><input name=\"kb_field_0\" id=\"kb_field_1619_f59247-47_0\" data-label=\"Your name\" type=\"text\" placeholder=\"\" value=\"\" data-type=\"text\" class=\"kb-field kb-text-style-field kb-text-field kb-field-0\" data-required=\"yes\"\/><\/div><div class=\"kadence-blocks-form-field kb-form-field-1 kb-field-desk-width-100 kb-input-size-small\"><label for=\"kb_field_1619_f59247-47_1\">Votre adresse email<span class=\"required\">*<\/span><\/label><input name=\"kb_field_1\" id=\"kb_field_1619_f59247-47_1\" data-label=\"Your E-mail Address\" type=\"email\" placeholder=\"\" value=\"\" data-type=\"email\" class=\"kb-field kb-text-style-field kb-email-field kb-field-1\" data-required=\"yes\"\/><\/div><div class=\"kadence-blocks-form-field kb-form-field-2 kb-field-desk-width-100 kb-input-size-small\"><label for=\"kb_field_1619_f59247-47_2\">Votre num\u00e9ro de t\u00e9l\u00e9phone<span class=\"required\">*<\/span><\/label><input name=\"kb_field_2\" id=\"kb_field_1619_f59247-47_2\" data-label=\"Your Phone number\" type=\"text\" placeholder=\"\" value=\"\" data-type=\"text\" class=\"kb-field kb-text-style-field kb-text-field kb-field-2\" data-required=\"yes\"\/><\/div><div class=\"kadence-blocks-form-field kb-form-field-3 kb-field-desk-width-100 kb-input-size-small\"><label for=\"kb_field_1619_f59247-47_3\">Quel type de rendez-vous aimeriez vous ?<span class=\"required\">*<\/span><\/label><select name=\"kb_field_3\" id=\"kb_field_1619_f59247-47_3\" data-label=\"Which experience you would like to share with me\" type=\"select\" value=\"\" data-type=\"select\" class=\"kb-field kb-select-style-field kb-select-field kb-field-3\" data-required=\"yes\"><option value=\"...\">&#8230;<\/option><option value=\"La parenth\u00e8se enchant\u00e9e (Social, artistic, or wellness experience, lunch or dinner, and spicy dessert\u2026) : 6h\">La parenth\u00e8se enchant\u00e9e (Sortie culturelle ou bien-\u00eatre, d\u00e9jeuner ou d\u00eener et dessert aussi sucr\u00e9 qu'\u00e9pic\u00e9...) : 6h<\/option><option value=\"Lunch or dinner date, perfect for a first rendez-vous\u2026 (We get to know each other over a gourmet meal, followed in your room by the icing on the cake\u2026) : 4h\">D\u00e9jeuner ou d\u00eener (Nous apprenons \u00e0 nous conna\u00eetre autour d'un bon repas, avant de poursuivre dans votre chambre...) : 4h<\/option><option value=\"Do you just need a little escapade? (A journey between the sheets\u2026) : 1h to 3h\">Vous avez juste besoin d'une petite escapade ?\n(Rendez-vous entre les draps...) : 1h \u00e0 3h<\/option><option value=\"Do you want to take the time to get to know each other? (Social date without intimacy) \">Vous souhaitez prendre le temps d'apprendre \u00e0 nous conna\u00eetre avant de peut-\u00eatre, aller plus loin ?\u00a0 <\/option><option value=\"Fly Me To You \/ Train Me To You : 4h min + travel expenses\">Faites-moi venir \u00e0 vous (FMTY \/ TMTY) : 4h min + frais de voyage<\/option><\/select><\/div><div class=\"kadence-blocks-form-field kb-form-field-4 kb-field-desk-width-100 kb-input-size-small\"><label for=\"kb_field_1619_f59247-47_4\">Quand et o\u00f9 voudriez-vous me rencontrer ? <span class=\"required\">*<\/span><\/label><input name=\"kb_field_4\" id=\"kb_field_1619_f59247-47_4\" data-label=\"When &amp; Where would you like to meet me ? \" type=\"text\" placeholder=\"\" value=\"\" data-type=\"text\" class=\"kb-field kb-text-style-field kb-text-field kb-field-4\" data-required=\"yes\"\/><\/div><div class=\"kadence-blocks-form-field kb-form-field-5 kb-field-desk-width-100 kb-input-size-small\"><label for=\"kb_field_1619_f59247-47_5\">Message<span class=\"required\">*<\/span><\/label><textarea name=\"kb_field_5\" id=\"kb_field_1619_f59247-47_5\" data-label=\"Message\" type=\"textarea\" placeholder=\"\" data-type=\"textarea\" class=\"kb-field kb-text-style-field kb-textarea-field kb-field-5\" rows=\"4\" data-required=\"yes\"><\/textarea><\/div><div class=\"kadence-blocks-form-field kb-form-field-6 kb-field-desk-width-100 kb-input-size-small\"><label for=\"kb_field_1619_f59247-47_6\">Puis-je vous demander o\u00f9 vous m'avez trouv\u00e9e ?<span class=\"required\">*<\/span><\/label><input name=\"kb_field_6\" id=\"kb_field_1619_f59247-47_6\" data-label=\"May I ask how you found me ?\" type=\"text\" placeholder=\"Annonce, r\u00e9seau social, Google, etc...\" value=\"\" data-type=\"text\" class=\"kb-field kb-text-style-field kb-text-field kb-field-6\" data-required=\"yes\"\/><\/div><div class=\"kadence-blocks-form-field kb-form-field-7 kb-field-desk-width-100 kb-input-size-small\"><label for=\"kb_field_1619_f59247-47_7\">Do you want to receive my newsletter ? <\/label><div data-type=\"checkbox\" data-label=\"Do you want to receive my newsletter ? \" id=\"kb_field_1619_f59247-47_7\" class=\"kb-field kb-checkbox-style-field kb-checkbox-field kb-field-7 kb-radio-style-normal\"><div data-type=\"checkbox\" class=\"kb-checkbox-item kb-checkbox-item-0\"><input type=\"checkbox\" name=\"kb_field_7[]\" id=\"kb_field_7_0\" class=\"kb-sub-field kb-checkbox-style\" value=\"Yes\"\/><label for=\"kb_field_7_0\">Yes<\/label><\/div><\/div><\/div><input type=\"hidden\" name=\"_kb_form_id\" value=\"1619_f59247-47\"\/><input type=\"hidden\" name=\"_kb_form_post_id\" value=\"1619\"\/><input type=\"hidden\" name=\"action\" value=\"kb_process_ajax_submit\"\/><label class=\"kadence-verify-label\">Email<input class=\"kadence-blocks-field verify\" type=\"text\" name=\"_kb_verify_email\" autocomplete=\"new-password\" aria-hidden=\"true\" placeholder=\"Email\" tabindex=\"-1\" data-1p-ignore=\"true\" data-lpignore=\"true\" \/><\/label><div class=\"kadence-blocks-form-field kb-submit-field kb-field-desk-width-100\"><button class=\"kb-forms-submit button kb-button-size-standard kb-button-width-full\">ENVOYER<\/button><\/div><input type=\"hidden\" name=\"trp-form-language\" value=\"fr\"\/><\/form><\/div>\n<noscript><div class=\"kadence-blocks-form-message kadence-blocks-form-warning\">Veuillez activer JavaScript dans votre navigateur pour envoyer le formulaire.<\/div><style>.kadence-form-1619_f59247-47 .kadence-blocks-form-field.kb-submit-field { display: none; }<\/style><\/noscript><\/div><\/div>\n\n\n\n<p><mark style=\"background-color:rgba(0, 0, 0, 0)\" class=\"has-inline-color has-theme-palette-9-color\">&#8230;<\/mark><\/p>\n\n\n<div class=\"wp-block-image\">\n<figure class=\"aligncenter size-large is-resized\"><img loading=\"lazy\" decoding=\"async\" width=\"1024\" height=\"683\" src=\"https:\/\/interludewithanna.com\/wp-content\/uploads\/2024\/11\/2017-09-02_056-1024x683.jpg\" alt=\"\" class=\"wp-image-1593\" style=\"width:758px;height:auto\" srcset=\"https:\/\/interludewithanna.com\/wp-content\/uploads\/2024\/11\/2017-09-02_056-1024x683.jpg 1024w, https:\/\/interludewithanna.com\/wp-content\/uploads\/2024\/11\/2017-09-02_056-300x200.jpg 300w, https:\/\/interludewithanna.com\/wp-content\/uploads\/2024\/11\/2017-09-02_056-768x512.jpg 768w, https:\/\/interludewithanna.com\/wp-content\/uploads\/2024\/11\/2017-09-02_056-600x400.jpg 600w, https:\/\/interludewithanna.com\/wp-content\/uploads\/2024\/11\/2017-09-02_056.jpg 1200w\" sizes=\"auto, (max-width: 1024px) 100vw, 1024px\" \/><\/figure>\n<\/div><\/div><\/div>\n\n<\/div><\/div>\n\n\n<p><\/p>","protected":false},"excerpt":{"rendered":"<p>Independent High End Escort in Paris &amp; worldwide I am touched to have caught your attention. If you have read all of the above carefully and would like to meet me, please reach out via the form below or email me with all the requested information at\u200b annablumeparis@proton.me Take some time to introduce yourself and&#8230;<\/p>","protected":false},"author":1,"featured_media":0,"parent":0,"menu_order":5,"comment_status":"closed","ping_status":"closed","template":"","meta":{"_kadence_starter_templates_imported_post":true,"_kad_post_transparent":"","_kad_post_title":"hide","_kad_post_layout":"narrow","_kad_post_sidebar_id":"","_kad_post_content_style":"unboxed","_kad_post_vertical_padding":"hide","_kad_post_feature":"hide","_kad_post_feature_position":"","_kad_post_header":false,"_kad_post_footer":false,"footnotes":""},"class_list":["post-1619","page","type-page","status-publish","hentry"],"_links":{"self":[{"href":"https:\/\/interludewithanna.com\/fr\/wp-json\/wp\/v2\/pages\/1619","targetHints":{"allow":["GET"]}}],"collection":[{"href":"https:\/\/interludewithanna.com\/fr\/wp-json\/wp\/v2\/pages"}],"about":[{"href":"https:\/\/interludewithanna.com\/fr\/wp-json\/wp\/v2\/types\/page"}],"author":[{"embeddable":true,"href":"https:\/\/interludewithanna.com\/fr\/wp-json\/wp\/v2\/users\/1"}],"replies":[{"embeddable":true,"href":"https:\/\/interludewithanna.com\/fr\/wp-json\/wp\/v2\/comments?post=1619"}],"version-history":[{"count":53,"href":"https:\/\/interludewithanna.com\/fr\/wp-json\/wp\/v2\/pages\/1619\/revisions"}],"predecessor-version":[{"id":2879,"href":"https:\/\/interludewithanna.com\/fr\/wp-json\/wp\/v2\/pages\/1619\/revisions\/2879"}],"wp:attachment":[{"href":"https:\/\/interludewithanna.com\/fr\/wp-json\/wp\/v2\/media?parent=1619"}],"curies":[{"name":"wp","href":"https:\/\/api.w.org\/{rel}","templated":true}]}}